{"id":1125,"date":"2025-04-02T23:43:15","date_gmt":"2025-04-02T23:43:15","guid":{"rendered":"https:\/\/helloseller.com\/?page_id=1125"},"modified":"2025-05-31T17:16:41","modified_gmt":"2025-05-31T17:16:41","slug":"genehmigung","status":"publish","type":"page","link":"https:\/\/helloseller.com\/de\/genehmigung\/","title":{"rendered":"Genehmigung"},"content":{"rendered":"\n\n\n<div class=\"gb-container gb-container-2030ff6d\">\n<div class=\"gb-container gb-container-bf7b86b0\">\n\n<figure class=\"wp-block-image size-full is-style-default\"><img decoding=\"async\" loading=\"lazy\" width=\"283\" height=\"224\" src=\"https:\/\/helloseller.com\/wp-content\/uploads\/2025\/04\/hello_seller_static_mobile-2.png\" alt=\"\" class=\"wp-image-1126\"\/><\/figure>\n\n\n\n<style>.wp-block-image img {box-shadow: none !important;}\n<\/style>\n\n\n\n<h2 class=\"wp-block-heading has-text-align-center\">Sie haben Ihre Email erfolgreich verifiziert<\/h2>\n\n\n\n<p class=\"has-text-align-center\">Um die Integrit\u00e4t der HelloSeller GmbH zu sch\u00fctzen, bitten wir Sie um etwas Geduld. Die HelloSeller GmbH wird Ihre Anfrage pr\u00fcfen und anschlie\u00dfend mit Ihnen Kontakt aufnehmen.<\/p>\n\n\n\n<p class=\"has-text-align-center\">Bitte haben Sie Verst\u00e4ndnis daf\u00fcr, dass die Bearbeitungszeit bis zu:<\/p>\n\n\n\n<h2 class=\"wp-block-heading\">48 Stunden<\/h2>\n\n\n\n<p class=\"has-text-align-center\">betragen kann.<\/p>\n\n<\/div>\n<\/div>","protected":false},"excerpt":{"rendered":"<p>Sie haben Ihre Email erfolgreich verifiziert Um die Integrit\u00e4t der HelloSeller GmbH zu sch\u00fctzen, bitten wir Sie um etwas Geduld. Die HelloSeller GmbH wird Ihre Anfrage pr\u00fcfen und anschlie\u00dfend mit Ihnen Kontakt aufnehmen. Bitte haben Sie Verst\u00e4ndnis daf\u00fcr, dass die Bearbeitungszeit bis zu: 48 Stunden betragen kann.<\/p>\n","protected":false},"author":4,"featured_media":0,"parent":0,"menu_order":0,"comment_status":"closed","ping_status":"closed","template":"","meta":{"inline_featured_image":false},"acf":[],"yoast_head":"<!-- This site is optimized with the Yoast SEO plugin v20.7 - https:\/\/yoast.com\/wordpress\/plugins\/seo\/ -->\n<title>Genehmigung | HelloSeller<\/title>\n<meta name=\"robots\" content=\"index, follow, max-snippet:-1, max-image-preview:large, max-video-preview:-1\" \/>\n<link rel=\"canonical\" href=\"https:\/\/helloseller.com\/de\/genehmigung\/\" \/>\n<meta property=\"og:locale\" content=\"de_DE\" \/>\n<meta property=\"og:type\" content=\"article\" \/>\n<meta property=\"og:title\" content=\"Genehmigung | HelloSeller\" \/>\n<meta property=\"og:description\" content=\"Sie haben Ihre Email erfolgreich verifiziert Um die Integrit\u00e4t der HelloSeller GmbH zu sch\u00fctzen, bitten wir Sie um etwas Geduld. Die HelloSeller GmbH wird Ihre Anfrage pr\u00fcfen und anschlie\u00dfend mit Ihnen Kontakt aufnehmen. Bitte haben Sie Verst\u00e4ndnis daf\u00fcr, dass die Bearbeitungszeit bis zu: 48 Stunden betragen kann.\" \/>\n<meta property=\"og:url\" content=\"https:\/\/helloseller.com\/de\/genehmigung\/\" \/>\n<meta property=\"og:site_name\" content=\"HelloSeller\" \/>\n<meta property=\"article:modified_time\" content=\"2025-05-31T17:16:41+00:00\" \/>\n<meta property=\"og:image\" content=\"https:\/\/helloseller.com\/wp-content\/uploads\/2025\/04\/hello_seller_static_mobile-2.png\" \/>\n<meta name=\"twitter:card\" content=\"summary_large_image\" \/>\n<meta name=\"twitter:label1\" content=\"Gesch\u00e4tzte Lesezeit\" \/>\n\t<meta name=\"twitter:data1\" content=\"1 Minute\" \/>\n<script type=\"application\/ld+json\" class=\"yoast-schema-graph\">{\"@context\":\"https:\/\/schema.org\",\"@graph\":[{\"@type\":\"WebPage\",\"@id\":\"https:\/\/helloseller.com\/de\/genehmigung\/\",\"url\":\"https:\/\/helloseller.com\/de\/genehmigung\/\",\"name\":\"Genehmigung | HelloSeller\",\"isPartOf\":{\"@id\":\"https:\/\/helloseller.com\/de\/#website\"},\"datePublished\":\"2025-04-02T23:43:15+00:00\",\"dateModified\":\"2025-05-31T17:16:41+00:00\",\"breadcrumb\":{\"@id\":\"https:\/\/helloseller.com\/de\/genehmigung\/#breadcrumb\"},\"inLanguage\":\"de-DE\",\"potentialAction\":[{\"@type\":\"ReadAction\",\"target\":[\"https:\/\/helloseller.com\/de\/genehmigung\/\"]}]},{\"@type\":\"BreadcrumbList\",\"@id\":\"https:\/\/helloseller.com\/de\/genehmigung\/#breadcrumb\",\"itemListElement\":[{\"@type\":\"ListItem\",\"position\":1,\"name\":\"Home\",\"item\":\"https:\/\/helloseller.com\/de\/\"},{\"@type\":\"ListItem\",\"position\":2,\"name\":\"Genehmigung\"}]},{\"@type\":\"WebSite\",\"@id\":\"https:\/\/helloseller.com\/de\/#website\",\"url\":\"https:\/\/helloseller.com\/de\/\",\"name\":\"HelloSeller\",\"description\":\"The first truly native Amazon Selling App\",\"publisher\":{\"@id\":\"https:\/\/helloseller.com\/de\/#organization\"},\"potentialAction\":[{\"@type\":\"SearchAction\",\"target\":{\"@type\":\"EntryPoint\",\"urlTemplate\":\"https:\/\/helloseller.com\/de\/?s={search_term_string}\"},\"query-input\":\"required name=search_term_string\"}],\"inLanguage\":\"de-DE\"},{\"@type\":\"Organization\",\"@id\":\"https:\/\/helloseller.com\/de\/#organization\",\"name\":\"HelloSeller\",\"url\":\"https:\/\/helloseller.com\/de\/\",\"logo\":{\"@type\":\"ImageObject\",\"inLanguage\":\"de-DE\",\"@id\":\"https:\/\/helloseller.com\/de\/#\/schema\/logo\/image\/\",\"url\":\"https:\/\/helloseller.com\/wp-content\/uploads\/2022\/12\/helloseller-logo.svg\",\"contentUrl\":\"https:\/\/helloseller.com\/wp-content\/uploads\/2022\/12\/helloseller-logo.svg\",\"width\":272,\"height\":76,\"caption\":\"HelloSeller\"},\"image\":{\"@id\":\"https:\/\/helloseller.com\/de\/#\/schema\/logo\/image\/\"}}]}<\/script>\n<!-- \/ Yoast SEO plugin. -->","yoast_head_json":{"title":"Genehmigung | HelloSeller","robots":{"index":"index","follow":"follow","max-snippet":"max-snippet:-1","max-image-preview":"max-image-preview:large","max-video-preview":"max-video-preview:-1"},"canonical":"https:\/\/helloseller.com\/de\/genehmigung\/","og_locale":"de_DE","og_type":"article","og_title":"Genehmigung | HelloSeller","og_description":"Sie haben Ihre Email erfolgreich verifiziert Um die Integrit\u00e4t der HelloSeller GmbH zu sch\u00fctzen, bitten wir Sie um etwas Geduld. Die HelloSeller GmbH wird Ihre Anfrage pr\u00fcfen und anschlie\u00dfend mit Ihnen Kontakt aufnehmen. Bitte haben Sie Verst\u00e4ndnis daf\u00fcr, dass die Bearbeitungszeit bis zu: 48 Stunden betragen kann.","og_url":"https:\/\/helloseller.com\/de\/genehmigung\/","og_site_name":"HelloSeller","article_modified_time":"2025-05-31T17:16:41+00:00","og_image":[{"url":"https:\/\/helloseller.com\/wp-content\/uploads\/2025\/04\/hello_seller_static_mobile-2.png"}],"twitter_card":"summary_large_image","twitter_misc":{"Gesch\u00e4tzte Lesezeit":"1 Minute"},"schema":{"@context":"https:\/\/schema.org","@graph":[{"@type":"WebPage","@id":"https:\/\/helloseller.com\/de\/genehmigung\/","url":"https:\/\/helloseller.com\/de\/genehmigung\/","name":"Genehmigung | HelloSeller","isPartOf":{"@id":"https:\/\/helloseller.com\/de\/#website"},"datePublished":"2025-04-02T23:43:15+00:00","dateModified":"2025-05-31T17:16:41+00:00","breadcrumb":{"@id":"https:\/\/helloseller.com\/de\/genehmigung\/#breadcrumb"},"inLanguage":"de-DE","potentialAction":[{"@type":"ReadAction","target":["https:\/\/helloseller.com\/de\/genehmigung\/"]}]},{"@type":"BreadcrumbList","@id":"https:\/\/helloseller.com\/de\/genehmigung\/#breadcrumb","itemListElement":[{"@type":"ListItem","position":1,"name":"Home","item":"https:\/\/helloseller.com\/de\/"},{"@type":"ListItem","position":2,"name":"Genehmigung"}]},{"@type":"WebSite","@id":"https:\/\/helloseller.com\/de\/#website","url":"https:\/\/helloseller.com\/de\/","name":"HelloSeller","description":"The first truly native Amazon Selling App","publisher":{"@id":"https:\/\/helloseller.com\/de\/#organization"},"potentialAction":[{"@type":"SearchAction","target":{"@type":"EntryPoint","urlTemplate":"https:\/\/helloseller.com\/de\/?s={search_term_string}"},"query-input":"required name=search_term_string"}],"inLanguage":"de-DE"},{"@type":"Organization","@id":"https:\/\/helloseller.com\/de\/#organization","name":"HelloSeller","url":"https:\/\/helloseller.com\/de\/","logo":{"@type":"ImageObject","inLanguage":"de-DE","@id":"https:\/\/helloseller.com\/de\/#\/schema\/logo\/image\/","url":"https:\/\/helloseller.com\/wp-content\/uploads\/2022\/12\/helloseller-logo.svg","contentUrl":"https:\/\/helloseller.com\/wp-content\/uploads\/2022\/12\/helloseller-logo.svg","width":272,"height":76,"caption":"HelloSeller"},"image":{"@id":"https:\/\/helloseller.com\/de\/#\/schema\/logo\/image\/"}}]}},"_links":{"self":[{"href":"https:\/\/helloseller.com\/de\/wp-json\/wp\/v2\/pages\/1125"}],"collection":[{"href":"https:\/\/helloseller.com\/de\/wp-json\/wp\/v2\/pages"}],"about":[{"href":"https:\/\/helloseller.com\/de\/wp-json\/wp\/v2\/types\/page"}],"author":[{"embeddable":true,"href":"https:\/\/helloseller.com\/de\/wp-json\/wp\/v2\/users\/4"}],"replies":[{"embeddable":true,"href":"https:\/\/helloseller.com\/de\/wp-json\/wp\/v2\/comments?post=1125"}],"version-history":[{"count":0,"href":"https:\/\/helloseller.com\/de\/wp-json\/wp\/v2\/pages\/1125\/revisions"}],"wp:attachment":[{"href":"https:\/\/helloseller.com\/de\/wp-json\/wp\/v2\/media?parent=1125"}],"curies":[{"name":"wp","href":"https:\/\/api.w.org\/{rel}","templated":true}]}}