{"id":663,"date":"2023-10-02T21:55:56","date_gmt":"2023-10-02T21:55:56","guid":{"rendered":"https:\/\/helloseller.com\/?page_id=663"},"modified":"2025-06-01T12:19:51","modified_gmt":"2025-06-01T12:19:51","slug":"sign-up","status":"publish","type":"page","link":"https:\/\/helloseller.com\/de\/sign-up\/","title":{"rendered":"Sign-up"},"content":{"rendered":"<div class=\"gb-container gb-container-2030ff6d\">\n\n<div class=\"wp-block-columns alignfull is-layout-flex wp-container-3\">\n<div class=\"wp-block-column is-layout-flow\" style=\"flex-basis:50%\"><div class=\"gb-container gb-container-bb7af988\">\n\n<h2 class=\"wp-block-heading\">Signup Anlegerportal<\/h2>\n\n\n<div class=\"gb-container gb-container-ceb37bb6\">\n<div class=\"gb-container gb-container-c518b2c5\">\n\n<h3 class=\"wp-block-heading\" style=\"font-size:1.75rem\">Was ist zu tun?<\/h3>\n\n\n\n<style>\r\n  h3 {\r\n    margin: 0rem !important; \/* Adjust this value to set the desired margin for all h5 elements *\/\r\n  }\r\n<\/style>\n\n<\/div>\n\n\n<p style=\"font-size:1rem\">Registrieren Sie sich f\u00fcr das HelloSeller Anlegerportal, Sie erhalten wertvolle Informationen zu herausragenden Anlagem\u00f6glichkeiten.<\/p>\n\n<\/div>\n<\/div><\/div>\n\n\n\n<div class=\"wp-block-column is-vertically-aligned-top is-layout-flow\" style=\"padding-top:1em;padding-right:1em;padding-bottom:1em;padding-left:1em\">\n<div class=\"modal_small\">\n    <form data-ms-form=\"signup\" data-ms-plan:add=\"pln_helloseller-awaiting-approval-g14k043s\" class=\"form\" style=\"display: flex; flex-direction: column; align-items: center; justify-content: center;\">\n        <h1 class=\"h1-small\">Einen Account erstellen<\/h1>\n        <p style=\"width: 100%;\">Bitte geben Sie Ihre Daten ein.<\/p>\n\n        <div class=\"field-wrapper\">\n            <div class=\"field-label\">Vorname <span style=\"color: red;\">*<\/span><\/div>\n            <input type=\"text\" id=\"first-name\" name=\"first-name\" data-ms-member=\"first-name\" required class=\"field-input\" style=\"border-radius: 15px; padding-left: 15px;\">\n        <\/div>\n\n        <div class=\"field-wrapper\">\n            <div class=\"field-label\">Nachname <span style=\"color: red;\">*<\/span><\/div>\n            <input type=\"text\" id=\"last-name\" name=\"last-name\" data-ms-member=\"last-name\" required class=\"field-input\" style=\"border-radius: 15px; padding-left: 15px;\">\n        <\/div>  \n\n        <div style=\"display: none;\">\n            <input type=\"text\" id=\"coupon-code\" name=\"coupon-code\" data-ms-member=\"coupon-code\" customUUIDCouponCode class=\"field-input\" style=\"border-radius: 15px; padding-left: 15px;\"\/>\n        <\/div>\n\n        <div class=\"field-wrapper\">\n            <div class=\"field-label\">Email <span style=\"color: red;\">*<\/span><\/div>\n            <input type=\"email\" id=\"email\" name=\"email\" data-ms-member=\"email\" required class=\"field-input\" style=\"border-radius: 15px; padding-left: 15px;\">\n        <\/div>\n\n        <div class=\"field-wrapper\">\n            <div class=\"field-label\">Password <span style=\"color: red;\">*<\/span><\/div>\n            <input type=\"password\" id=\"password\" name=\"password\" data-ms-member=\"password\" required class=\"field-input\" style=\"border-radius: 15px; padding-left: 15px;\">\n        <\/div>\n        \n        <div class=\"checkbox-wrapper\" style=\"width: 100%; display: flex; justify-content: flex-start; align-items: flex-start; margin-bottom: 10px\">\n          <input required type=\"checkbox\" data-ms-member=\"agreed-to-helloseller\" id=\"privacy-agreement\" name=\"privacy-agreement\" style=\"width: 13px; height: 13px; border-radius: 4px; background-color: #ccc;\">\n          <label for=\"privacy-agreement\" style=\"display: inline-block; margin-left: 10px; font-size: 13px; line-height: 1.5\">Hiermit best\u00e4tige ich die <span><a href=\"\" id=\"nda-open\">Vertraulichkeitserkl\u00e4rung.<\/a><\/span> *<\/label>\n        <\/div>\n      \n        <div class=\"checkbox-wrapper\" style=\"width: 100%; display: flex; justify-content: flex-start; align-items: flex-start;\">\n          <input required type=\"checkbox\" data-ms-member=\"agreed-to-policies\" id=\"privacy-agreement\" name=\"privacy-agreement\" style=\"width: 16px; height: 16px; border-radius: 4px; background-color: #ccc;\">\n          <label for=\"privacy-agreement\" style=\"display: inline-block; margin-left: 10px; font-size: 13px; line-height: 1.5\">Indem Sie &#8222;Sign up&#8220;\u00a0klicken, willigen Sie ein, dass die HelloSeller GmbH Ihre oben \u00fcbermittelten pers\u00f6nlichen Informationen speichern und verarbeiten darf, um Ihnen den angeforderten Inhalt zur Verf\u00fcgung zu stellen. Um zu erfahren, welche Daten wir erheben, m\u00f6chten wir Sie bitten, einen Blick in unsere <span><a href=\"https:\/\/helloseller.com\/data-privacy\/\">Datenschutzerkl\u00e4rung<\/a><\/span> zu werfen. *<\/label>\n        <\/div>\n          \n        <div class=\"switch-login to-signup\">\n            <p class=\"paragraph-3\" style=\"margin-top: 20px\">Sie haben bereits einen Account?<\/p>\n            <div class=\"switch-login-text link\">\n                <div class=\"signup-login-text-wrapper\">\n                    <a class=\"paragraph-4\" href=\"https:\/\/helloseller.com\/login\">Zum Login<\/a>\n                <\/div>\n            <\/div>\n        <\/div>\n        \n        <div class=\"button-wrapper\" style=\"width: 100%; display: flex; justify-content: flex-start; align-items: flex-start;\">\n            <button type=\"submit\" class=\"button in-form mb-10\" style=\"border-radius: 15px; align-self: flex-start; font-weight: 700; font-family: Arial, Helvetica, sans-serif; padding: 12px 24px !important;\">Submit<\/button>\n        <\/div>\n    <\/form>\n<\/div>\n\n<script>\n\nfunction createNdaPopup() {\n    const popup = document.createElement('div');\n    popup.id = 'nda-popup';\n    popup.className = 'stakeholder-popup nda';\n    popup.style.display = 'none';\n    \n    popup.innerHTML = `\n        <div class=\"modal_small_popup rows-30px\">\n            <h1 class=\"h1-small\">Streng vertraulich<\/h1>\n            <p>Ohne vorherige schriftliche Genehmigung durch die Gesch\u00e4ftsleitung der HelloSeller GmbH d\u00fcrfen keine Informationen aus dem Content dieser Webseite reproduziert oder an Dritte weitergegeben werden. Es wird ausdr\u00fccklich darauf hingewiesen, dass diese Informationen streng vertraulich zu behandeln sind. Inhalte, auch auszugsweise, d\u00fcrfen ohne die Einwilligung der HelloSeller GmbH weder in m\u00fcndlicher, oder in schriftlicher Form an Dritte weitergegeben werden.<\/p>\n            <a  href=\"#\" class=\"button nda-close in-form mb-10\" style=\"align-self: stretch; display:flex; padding: 1rem; border-radius: 1rem;\">Zur\u00fcck<\/a>\n            <div class=\"nda-close icon_close\">\n                <svg width=\"420\" height=\"420\" viewBox=\"0 0 24 24\" fill=\"none\" xmlns=\"http:\/\/www.w3.org\/2000\/svg\">\n                    <path d=\"M12.0002 10.586L16.9502 5.63599L18.3642 7.04999L13.4142 12L18.3642 16.95L16.9502 18.364L12.0002 13.414L7.05023 18.364L5.63623 16.95L10.5862 12L5.63623 7.04999L7.05023 5.63599L12.0002 10.586Z\" fill=\"currentColor\"><\/path>\n                <\/svg>\n            <\/div>\n        <\/div>\n    `;\n    \n    document.body.appendChild(popup);\n}\n\n\n  function showNdaPopup() {\n    const ndaPopup = document.getElementById('nda-popup');\n    if (ndaPopup) {\n        ndaPopup.style.display = 'flex';\n    }\n}\n\nfunction hideNdaPopup() {\n    const ndaPopup = document.getElementById('nda-popup');\n    if (ndaPopup) {\n        ndaPopup.style.display = 'none';\n    }\n}\n\n\nfunction initNdaPopup() {\n    createNdaPopup();\n    \n    \/\/ Set up event listeners after DOM is loaded\n    document.addEventListener('DOMContentLoaded', function() {\n        \/\/ Event listener for opening the popup\n        const ndaOpenLink = document.getElementById('nda-open');\n        if (ndaOpenLink) {\n            ndaOpenLink.addEventListener('click', function(event) {\n                event.preventDefault();\n                showNdaPopup();\n            });\n        }\n    \n        const ndaCloseButtons = document.querySelectorAll('.nda-close');\n        \n        ndaCloseButtons.forEach(function(button) {\n            button.addEventListener('click', hideNdaPopup);\n\n        });\n          \n        \/\/ Optional: Close popup when clicking outside of it\n        const ndaPopup = document.getElementById('nda-popup');\n        if (ndaPopup) {\n            ndaPopup.addEventListener('click', function(event) {\n                if (event.target === ndaPopup) {\n                    hideNdaPopup();\n                }\n            });\n        }\n    });\n}\n\ninitNdaPopup();\n\n<\/script>\n\n<script>\n    var form = document.querySelector('.form');\n    var h1 = document.querySelector('.h1-small');\n    var paragraph = document.querySelector('p[style=\"width: 100%;\"]');\n    var fieldWrapper = document.querySelector('.field-wrapper');\n    var fieldWrapper2 = document.querySelectorAll('.field-wrapper')[1];\n    var fieldWrapper3 = document.querySelectorAll('.field-wrapper')[2];\n    var fieldWrapper4 = document.querySelectorAll('.field-wrapper')[3];\n\n    \/\/ Updated selector for the checkbox container\n    var checkboxContainer = document.querySelector('.checkbox-wrapper');\n    var checkboxContainer2 = document.querySelectorAll('.checkbox-wrapper')[1];\n\n    var switchLogin = document.querySelector('.switch-login');\n    var submitButton = document.querySelector('.button.in-form.mb-10');\n    var modalSmall = document.querySelector('.modal_small');\n    \/\/ Append the elements to the form in the desired order\n    form.appendChild(h1);\n    form.appendChild(paragraph);\n    form.appendChild(fieldWrapper);\n    form.appendChild(fieldWrapper2);\n    form.appendChild(fieldWrapper3);\n    form.appendChild(fieldWrapper4);\n    form.appendChild(checkboxContainer);\n    form.appendChild(checkboxContainer2);\n    form.appendChild(switchLogin);\n\n    \/\/ Append the submit button last\n    var buttonWrapper = document.querySelector('.button-wrapper');\n    buttonWrapper.appendChild(submitButton);\n    form.appendChild(buttonWrapper);  \n  \n    \/\/ Find the div with class \"hs-stage-content\"\n    var stageContentDiv = document.querySelector('.hs-stage-content');\n\n    \/\/ Append the form to the \"hs-stage-content\" div\n    if (stageContentDiv) {\n        stageContentDiv.appendChild(modalSmall);\n        modalSmall.appendChild(form);\n    } else {\n        console.error('Element with class \"hs-stage-content\" not found.');\n    }\n\n<\/script>\n\n\n<style>\n\n.h1-small {\n  margin-top: 0px;\n  margin-bottom: 5px;\n  color: hsla(225, 0.00%, 0.00%, 1.00);\n  font-size: 45px;\n  line-height: 1.2em;\n  font-weight: 600;\n  width: 100%;\n}\n\n\n.switch-login.to-signup {\n  display: flex;\n  padding-bottom: 25px;\n  flex-direction: column;\n  grid-row-gap: 2px;\n  width: 100%;\n}\n\n.switch-login.to-signup:medium {\n  padding-bottom: 10px;\n}\n  \n  .form {\n    width: 100%;\n  }\n\n  .field-label {\n  margin-bottom: 10px;\n  font-size: 17px;\n  font-weight: 500;\n  color: #5B5B5B;\n}\n  \n  .field-input {\n  height: 40px;\n  margin-bottom: 0px;\n  width: 100%;\n  font-size: 16px;\n  border-top-style: solid;\n  border-top-width: 1px;\n  border-top-color: hsla(227.99999999999972, 6.02%, 83.73%, 1.00);\n  border-right-style: solid;\n  border-right-width: 1px;\n  border-right-color: hsla(227.99999999999972, 6.02%, 83.73%, 1.00);\n  border-bottom-style: solid;\n  border-bottom-width: 1px;\n  border-bottom-color: hsla(227.99999999999972, 6.02%, 83.73%, 1.00);\n  border-left-style: solid;\n  border-left-width: 1px;\n  border-left-color: hsla(227.99999999999972, 6.02%, 83.73%, 1.00);\n  transition-property: border-color;\n  transition-duration: 200ms;\n  transition-timing-function: ease;\n  \n}\n\n.field-input:focus {\n  border-top-color: hsla(213, 100.00%, 54.44%, 1.00);\n  border-right-color: hsla(213, 100.00%, 54.44%, 1.00);\n  border-bottom-color: hsla(213, 100.00%, 54.44%, 1.00);\n  border-left-color: hsla(213, 100.00%, 54.44%, 1.00);\n}\n\n.field-input:hover {\n  border-top-color: hsla(236.34146341463415, 77.36%, 58.43%, 1.00);\n  border-right-color: hsla(236.34146341463415, 77.36%, 58.43%, 1.00);\n  border-bottom-color: hsla(236.34146341463415, 77.36%, 58.43%, 1.00);\n  border-left-color: hsla(236.34146341463415, 77.36%, 58.43%, 1.00);\n}\n  \n  .button {\n  display: flex;\n  justify-content: center;\n  align-items: center;\n  background-color: #A1ED6D;\n  color: #000;\n  font-size: 16px;\n  line-height: 16px;\n  border: 2px solid transparent;\n  text-decoration: none;\n}\n\n.button.in-form.mb-10 {\n  margin-bottom: 10px;\n  background-color: @swatch_860aaf60;\n  transition-property: background-color;\n  transition-duration: 200ms;\n  transition-timing-function: ease;\n}\n\n.button.in-form.mb-10:hover {\n  background-color: @swatch_4caf4915;\n}\n\n.button.in-form.mb-10:medium {\n  margin-bottom: 0px;\n}\n\n  .modal_small {\n  position: relative;\n  display: flex;\n  width: auto;\n  max-width: 500px;\n  min-width: 400px;\n  margin-bottom: 0px;\n  padding-top: 48px;\n  padding-right: 32px;\n  padding-bottom: 48px;\n  padding-left: 32px;\n  flex-direction: column;\n  justify-content: center;\n  align-items: flex-start;\n  border-top-style: solid;\n  border-top-width: 1px;\n  border-top-color: hsla(235, 0.00%, 0.00%, 1.00);\n  border-right-style: solid;\n  border-right-width: 1px;\n  border-right-color: hsla(235, 0.00%, 0.00%, 1.00);\n  border-bottom-style: solid;\n  border-bottom-width: 1px;\n  border-bottom-color: hsla(235, 0.00%, 0.00%, 1.00);\n  border-left-style: solid;\n  border-left-width: 1px;\n  border-left-color: hsla(235, 0.00%, 0.00%, 1.00);\n  border-top-left-radius: 20px;\n  border-top-right-radius: 20px;\n  border-bottom-left-radius: 20px;\n  border-bottom-right-radius: 20px;\n  background-color: hsla(243, 0.00%, 100.00%, 1.00);\n  box-shadow: 20px 23px 0 0 hsla(0, 0.00%, 0.00%, 1.00);\n  text-align: left;\n}\n\n.icon_close {\n  position: absolute;\n  inset: 15px 15px auto auto;\n  display: flex;\n  width: 24px;\n  height: 24px;\n  justify-content: center;\n  align-items: center;\n  color: rgb(0, 0, 0);\n  cursor: pointer;\n}\n\n\n@media screen and (max-width: 671px) {\n  .modal_small {\n    min-width: 90vw !important;\n  }\n}\n\n.wp-block-column {\n  padding-left: 0px !important;\n}\n\n  \n .paragraph-3 {\n  margin-bottom: 0px;\n  font-size: 0.8rem;\n}\n\n.paragraph-3:medium {\n  margin-bottom: 0px;\n  font-size: 13px;\n}\n\n  .paragraph-4 {\n  margin-bottom: 0px;\n  font-size: 0.8rem;\n}\n  \n.field-wrapper {\n  margin-bottom: 20px;\n  width: 100%;\n}\n\n  \n.field-wrapper.top {\n  margin-top: 10px;\n  margin-bottom: 10px;\n}\n\n.modal_small_popup {\n  position: relative;\n  display: flex;\n  width: auto;\n  max-width: 500px;\n  min-width: 400px;\n  margin-bottom: 0px;\n  padding: 40px 30px 30px;\n  flex-direction: column;\n  justify-content: center;\n  align-items: flex-start;\n  border-style: solid;\n  border-width: 1px;\n  border-color: rgb(0, 0, 0);\n  border-radius: 10px;\n  background-color: rgb(255, 255, 255);\n  box-shadow: rgb(0, 0, 0) 20px 23px 0px 0px;\n  text-align: left;\n}\n\n@media screen and (max-width: 479px) {\n  .modal_small_popup {\n    min-width: auto;\n    padding: 20px;\n    text-align: left;\n  }\n}\n\n.stakeholder-popup {\n  position: fixed;\n  inset: 0%;\n  z-index: 9999;\n  display: flex;\n  width: 100%;\n  height: 100%;\n  justify-content: center;\n  align-items: center;\n  background-color: rgba(0, 0, 0, 0.25);\n  backdrop-filter: blur(5px);\n}\n\n.stakeholder-popup.nda {\n  display: flex;\n  grid-auto-columns: 1fr;\n  gap: 16px;\n  grid-template-columns: 1fr 1fr;\n  grid-template-rows: auto auto;\n}\n\n@media screen and (max-width: 767px) {\n  .stakeholder-popup {\n    padding-right: 15px;\n    padding-left: 15px;\n  }\n}\n\n@media screen and (max-width: 767px) {\n  .stakeholder-popup.nda {\n    display: none;\n  }\n}\n\n@media screen and (max-width: 479px) {\n  .stakeholder-popup {\n    padding-right: 30px;\n  }\n}\n\n@media screen and (max-width: 479px) {\n  .stakeholder-popup.nda {\n    display: none;\n  }\n}\n\n<\/style>\n\n\n<script>\n\n    function customCodeGenerateUUIDForInputField() {\n        \/\/ Generate a 6-character random string\n        const characters = 'ABCDEFGHIJKLMNOPQRSTUVWXYZ0123456789';\n        let uuid = '';\n        \n        \/\/ Use crypto for secure random number generation\n        const cryptoValues = new Uint32Array(6);\n        crypto.getRandomValues(cryptoValues);\n        \n        for (let i = 0; i < 6; i++) {\n            uuid += characters.charAt(cryptoValues[i] % characters.length);\n        }\n        \n        \/\/ Find the input field and set its value\n        const inputField = document.querySelector('input[customUUIDCouponCode]');\n        if (inputField) {\n            inputField.value = uuid;\n        } else {\n            console.warn('Input field with customUUIDCouponCode attribute not found');\n        }\n    }\n    \n    \/\/ Execute when DOM is fully loaded\n    document.addEventListener('DOMContentLoaded', function() {\n        customCodeGenerateUUIDForInputField();\n    });\n    \n    \n    <\/script>\n<\/div>\n<\/div>\n\n<\/div>","protected":false},"excerpt":{"rendered":"<p>Signup Anlegerportal Was ist zu tun? Registrieren Sie sich f\u00fcr das HelloSeller Anlegerportal, Sie erhalten wertvolle Informationen zu herausragenden Anlagem\u00f6glichkeiten. Einen Account erstellen Bitte geben Sie Ihre Daten ein. Vorname * Nachname * Email * Password * Hiermit best\u00e4tige ich die Vertraulichkeitserkl\u00e4rung. * Indem Sie &#8222;Sign up&#8220;\u00a0klicken, willigen Sie ein, dass die HelloSeller GmbH Ihre [&hellip;]<\/p>\n","protected":false},"author":4,"featured_media":0,"parent":0,"menu_order":0,"comment_status":"closed","ping_status":"closed","template":"","meta":{"inline_featured_image":false},"acf":[],"yoast_head":"<!-- This site is optimized with the Yoast SEO plugin v20.7 - https:\/\/yoast.com\/wordpress\/plugins\/seo\/ -->\n<title>Sign-up | HelloSeller<\/title>\n<meta name=\"robots\" content=\"index, follow, max-snippet:-1, max-image-preview:large, max-video-preview:-1\" \/>\n<link rel=\"canonical\" href=\"https:\/\/helloseller.com\/de\/sign-up\/\" \/>\n<meta property=\"og:locale\" content=\"de_DE\" \/>\n<meta property=\"og:type\" content=\"article\" \/>\n<meta property=\"og:title\" content=\"Sign-up | HelloSeller\" \/>\n<meta property=\"og:description\" content=\"Signup Anlegerportal Was ist zu tun? Registrieren Sie sich f\u00fcr das HelloSeller Anlegerportal, Sie erhalten wertvolle Informationen zu herausragenden Anlagem\u00f6glichkeiten. Einen Account erstellen Bitte geben Sie Ihre Daten ein. Vorname * Nachname * Email * Password * Hiermit best\u00e4tige ich die Vertraulichkeitserkl\u00e4rung. * Indem Sie &#8222;Sign up&#8220;\u00a0klicken, willigen Sie ein, dass die HelloSeller GmbH Ihre [&hellip;]\" \/>\n<meta property=\"og:url\" content=\"https:\/\/helloseller.com\/de\/sign-up\/\" \/>\n<meta property=\"og:site_name\" content=\"HelloSeller\" \/>\n<meta property=\"article:modified_time\" content=\"2025-06-01T12:19:51+00:00\" \/>\n<meta name=\"twitter:card\" content=\"summary_large_image\" \/>\n<meta name=\"twitter:label1\" content=\"Gesch\u00e4tzte Lesezeit\" \/>\n\t<meta name=\"twitter:data1\" content=\"5 Minuten\" \/>\n<script type=\"application\/ld+json\" class=\"yoast-schema-graph\">{\"@context\":\"https:\/\/schema.org\",\"@graph\":[{\"@type\":\"WebPage\",\"@id\":\"https:\/\/helloseller.com\/de\/sign-up\/\",\"url\":\"https:\/\/helloseller.com\/de\/sign-up\/\",\"name\":\"Sign-up | HelloSeller\",\"isPartOf\":{\"@id\":\"https:\/\/helloseller.com\/de\/#website\"},\"datePublished\":\"2023-10-02T21:55:56+00:00\",\"dateModified\":\"2025-06-01T12:19:51+00:00\",\"breadcrumb\":{\"@id\":\"https:\/\/helloseller.com\/de\/sign-up\/#breadcrumb\"},\"inLanguage\":\"de-DE\",\"potentialAction\":[{\"@type\":\"ReadAction\",\"target\":[\"https:\/\/helloseller.com\/de\/sign-up\/\"]}]},{\"@type\":\"BreadcrumbList\",\"@id\":\"https:\/\/helloseller.com\/de\/sign-up\/#breadcrumb\",\"itemListElement\":[{\"@type\":\"ListItem\",\"position\":1,\"name\":\"Home\",\"item\":\"https:\/\/helloseller.com\/de\/\"},{\"@type\":\"ListItem\",\"position\":2,\"name\":\"Sign-up\"}]},{\"@type\":\"WebSite\",\"@id\":\"https:\/\/helloseller.com\/de\/#website\",\"url\":\"https:\/\/helloseller.com\/de\/\",\"name\":\"HelloSeller\",\"description\":\"The first truly native Amazon Selling App\",\"publisher\":{\"@id\":\"https:\/\/helloseller.com\/de\/#organization\"},\"potentialAction\":[{\"@type\":\"SearchAction\",\"target\":{\"@type\":\"EntryPoint\",\"urlTemplate\":\"https:\/\/helloseller.com\/de\/?s={search_term_string}\"},\"query-input\":\"required name=search_term_string\"}],\"inLanguage\":\"de-DE\"},{\"@type\":\"Organization\",\"@id\":\"https:\/\/helloseller.com\/de\/#organization\",\"name\":\"HelloSeller\",\"url\":\"https:\/\/helloseller.com\/de\/\",\"logo\":{\"@type\":\"ImageObject\",\"inLanguage\":\"de-DE\",\"@id\":\"https:\/\/helloseller.com\/de\/#\/schema\/logo\/image\/\",\"url\":\"https:\/\/helloseller.com\/wp-content\/uploads\/2022\/12\/helloseller-logo.svg\",\"contentUrl\":\"https:\/\/helloseller.com\/wp-content\/uploads\/2022\/12\/helloseller-logo.svg\",\"width\":272,\"height\":76,\"caption\":\"HelloSeller\"},\"image\":{\"@id\":\"https:\/\/helloseller.com\/de\/#\/schema\/logo\/image\/\"}}]}<\/script>\n<!-- \/ Yoast SEO plugin. -->","yoast_head_json":{"title":"Sign-up | HelloSeller","robots":{"index":"index","follow":"follow","max-snippet":"max-snippet:-1","max-image-preview":"max-image-preview:large","max-video-preview":"max-video-preview:-1"},"canonical":"https:\/\/helloseller.com\/de\/sign-up\/","og_locale":"de_DE","og_type":"article","og_title":"Sign-up | HelloSeller","og_description":"Signup Anlegerportal Was ist zu tun? Registrieren Sie sich f\u00fcr das HelloSeller Anlegerportal, Sie erhalten wertvolle Informationen zu herausragenden Anlagem\u00f6glichkeiten. Einen Account erstellen Bitte geben Sie Ihre Daten ein. Vorname * Nachname * Email * Password * Hiermit best\u00e4tige ich die Vertraulichkeitserkl\u00e4rung. * Indem Sie &#8222;Sign up&#8220;\u00a0klicken, willigen Sie ein, dass die HelloSeller GmbH Ihre [&hellip;]","og_url":"https:\/\/helloseller.com\/de\/sign-up\/","og_site_name":"HelloSeller","article_modified_time":"2025-06-01T12:19:51+00:00","twitter_card":"summary_large_image","twitter_misc":{"Gesch\u00e4tzte Lesezeit":"5 Minuten"},"schema":{"@context":"https:\/\/schema.org","@graph":[{"@type":"WebPage","@id":"https:\/\/helloseller.com\/de\/sign-up\/","url":"https:\/\/helloseller.com\/de\/sign-up\/","name":"Sign-up | HelloSeller","isPartOf":{"@id":"https:\/\/helloseller.com\/de\/#website"},"datePublished":"2023-10-02T21:55:56+00:00","dateModified":"2025-06-01T12:19:51+00:00","breadcrumb":{"@id":"https:\/\/helloseller.com\/de\/sign-up\/#breadcrumb"},"inLanguage":"de-DE","potentialAction":[{"@type":"ReadAction","target":["https:\/\/helloseller.com\/de\/sign-up\/"]}]},{"@type":"BreadcrumbList","@id":"https:\/\/helloseller.com\/de\/sign-up\/#breadcrumb","itemListElement":[{"@type":"ListItem","position":1,"name":"Home","item":"https:\/\/helloseller.com\/de\/"},{"@type":"ListItem","position":2,"name":"Sign-up"}]},{"@type":"WebSite","@id":"https:\/\/helloseller.com\/de\/#website","url":"https:\/\/helloseller.com\/de\/","name":"HelloSeller","description":"The first truly native Amazon Selling App","publisher":{"@id":"https:\/\/helloseller.com\/de\/#organization"},"potentialAction":[{"@type":"SearchAction","target":{"@type":"EntryPoint","urlTemplate":"https:\/\/helloseller.com\/de\/?s={search_term_string}"},"query-input":"required name=search_term_string"}],"inLanguage":"de-DE"},{"@type":"Organization","@id":"https:\/\/helloseller.com\/de\/#organization","name":"HelloSeller","url":"https:\/\/helloseller.com\/de\/","logo":{"@type":"ImageObject","inLanguage":"de-DE","@id":"https:\/\/helloseller.com\/de\/#\/schema\/logo\/image\/","url":"https:\/\/helloseller.com\/wp-content\/uploads\/2022\/12\/helloseller-logo.svg","contentUrl":"https:\/\/helloseller.com\/wp-content\/uploads\/2022\/12\/helloseller-logo.svg","width":272,"height":76,"caption":"HelloSeller"},"image":{"@id":"https:\/\/helloseller.com\/de\/#\/schema\/logo\/image\/"}}]}},"_links":{"self":[{"href":"https:\/\/helloseller.com\/de\/wp-json\/wp\/v2\/pages\/663"}],"collection":[{"href":"https:\/\/helloseller.com\/de\/wp-json\/wp\/v2\/pages"}],"about":[{"href":"https:\/\/helloseller.com\/de\/wp-json\/wp\/v2\/types\/page"}],"author":[{"embeddable":true,"href":"https:\/\/helloseller.com\/de\/wp-json\/wp\/v2\/users\/4"}],"replies":[{"embeddable":true,"href":"https:\/\/helloseller.com\/de\/wp-json\/wp\/v2\/comments?post=663"}],"version-history":[{"count":0,"href":"https:\/\/helloseller.com\/de\/wp-json\/wp\/v2\/pages\/663\/revisions"}],"wp:attachment":[{"href":"https:\/\/helloseller.com\/de\/wp-json\/wp\/v2\/media?parent=663"}],"curies":[{"name":"wp","href":"https:\/\/api.w.org\/{rel}","templated":true}]}}