{"id":959,"date":"2023-10-15T19:46:36","date_gmt":"2023-10-15T19:46:36","guid":{"rendered":"https:\/\/helloseller.com\/verifikation\/"},"modified":"2025-06-02T19:05:39","modified_gmt":"2025-06-02T19:05:39","slug":"verifikation","status":"publish","type":"page","link":"https:\/\/helloseller.com\/de\/verifikation\/","title":{"rendered":"Verifikation"},"content":{"rendered":"\n\n\n<div class=\"gb-container gb-container-2030ff6d\">\n<div class=\"gb-container gb-container-bf7b86b0\">\n\n<figure class=\"wp-block-image size-large is-resized is-style-default\"><img decoding=\"async\" loading=\"lazy\" src=\"https:\/\/helloseller.com\/wp-content\/uploads\/2023\/10\/start-with-us-2-1024x1024.png\" alt=\"\" class=\"wp-image-809\" width=\"256\" height=\"256\" srcset=\"https:\/\/helloseller.com\/wp-content\/uploads\/2023\/10\/start-with-us-2-1024x1024.png 1024w, https:\/\/helloseller.com\/wp-content\/uploads\/2023\/10\/start-with-us-2-300x300.png 300w, https:\/\/helloseller.com\/wp-content\/uploads\/2023\/10\/start-with-us-2-150x150.png 150w, https:\/\/helloseller.com\/wp-content\/uploads\/2023\/10\/start-with-us-2-768x768.png 768w, https:\/\/helloseller.com\/wp-content\/uploads\/2023\/10\/start-with-us-2.png 1275w\" sizes=\"(max-width: 256px) 100vw, 256px\" \/><\/figure>\n\n\n\n<style>.wp-block-image img {box-shadow: none !important;}\n<\/style>\n\n\n\n<h2 class=\"wp-block-heading has-text-align-center\">Bitte best\u00e4tigen Sie Ihre E-Mail-Adresse<\/h2>\n\n\n\n<p class=\"has-text-align-center\">Fast fertig! Wir haben eine E-Mail an diese E-Mail-Adresse gesendet:<\/p>\n\n\n\n<strong style=\"margin-bottom: 20px;\" data-ms-member=\"email\">E-Mail-Adresse<\/strong>\n\n\n\n<p class=\"has-text-align-center\">Klicken Sie einfach auf den Link in dieser E-Mail, um Ihre Registrierung abzuschlie\u00dfen. Wenn Sie es nicht sehen, sollten Sie Ihren <strong>Spam-Ordner<\/strong> \u00fcberpr\u00fcfen.<\/p>\n\n\n\n<p class=\"has-text-align-center\">Sie k\u00f6nnen die E-Mail nicht finden? Kein Problem<\/p>\n\n\n\n<button class=\"button-new-veri\" data-ms-action=\"resend-verification-email\" style=\"  cursor: pointer; display: block !important; background-color: #a1ed6d; font-size: 1.25rem; padding-top: 1.0625rem; padding-bottom: 1.0625rem; font-weight: 700; line-height: 1; border-radius: 62.4375px; text-decoration: none; text-align: center; max-width: 25rem; padding-left: 2.5rem; padding-right: 2.5rem; border: 1px solid #000; \/* Black border *\/ \/* Choose a suitable border color *\/ font-family: 'Syne', system-ui, -apple-system, 'Segoe UI', Roboto, 'Helvetica Neue', 'Noto Sans', 'Liberation Sans', Arial, sans-serif, 'Apple Color Emoji', 'Segoe UI Emoji', 'Segoe UI Symbol', 'Noto Color Emoji';  \">Neue Verifikations-E-Mail<\/button>\n\n<\/div>\n<\/div>","protected":false},"excerpt":{"rendered":"<p>Bitte best\u00e4tigen Sie Ihre E-Mail-Adresse Fast fertig! Wir haben eine E-Mail an diese E-Mail-Adresse gesendet: E-Mail-Adresse Klicken Sie einfach auf den Link in dieser E-Mail, um Ihre Registrierung abzuschlie\u00dfen. Wenn Sie es nicht sehen, sollten Sie Ihren Spam-Ordner \u00fcberpr\u00fcfen. Sie k\u00f6nnen die E-Mail nicht finden? Kein Problem Neue Verifikations-E-Mail<\/p>\n","protected":false},"author":4,"featured_media":0,"parent":0,"menu_order":0,"comment_status":"closed","ping_status":"closed","template":"","meta":{"inline_featured_image":false},"acf":[],"yoast_head":"<!-- This site is optimized with the Yoast SEO plugin v20.7 - https:\/\/yoast.com\/wordpress\/plugins\/seo\/ -->\n<title>Verifikation | HelloSeller<\/title>\n<meta name=\"robots\" content=\"index, follow, max-snippet:-1, max-image-preview:large, max-video-preview:-1\" \/>\n<link rel=\"canonical\" href=\"https:\/\/helloseller.com\/de\/verifikation\/\" \/>\n<meta property=\"og:locale\" content=\"de_DE\" \/>\n<meta property=\"og:type\" content=\"article\" \/>\n<meta property=\"og:title\" content=\"Verifikation | HelloSeller\" \/>\n<meta property=\"og:description\" content=\"Bitte best\u00e4tigen Sie Ihre E-Mail-Adresse Fast fertig! Wir haben eine E-Mail an diese E-Mail-Adresse gesendet: E-Mail-Adresse Klicken Sie einfach auf den Link in dieser E-Mail, um Ihre Registrierung abzuschlie\u00dfen. Wenn Sie es nicht sehen, sollten Sie Ihren Spam-Ordner \u00fcberpr\u00fcfen. Sie k\u00f6nnen die E-Mail nicht finden? Kein Problem Neue Verifikations-E-Mail\" \/>\n<meta property=\"og:url\" content=\"https:\/\/helloseller.com\/de\/verifikation\/\" \/>\n<meta property=\"og:site_name\" content=\"HelloSeller\" \/>\n<meta property=\"article:modified_time\" content=\"2025-06-02T19:05:39+00:00\" \/>\n<meta property=\"og:image\" content=\"https:\/\/helloseller.com\/wp-content\/uploads\/2023\/10\/start-with-us-2-1024x1024.png\" \/>\n<meta name=\"twitter:card\" content=\"summary_large_image\" \/>\n<meta name=\"twitter:label1\" content=\"Gesch\u00e4tzte Lesezeit\" \/>\n\t<meta name=\"twitter:data1\" content=\"1 Minute\" \/>\n<script type=\"application\/ld+json\" class=\"yoast-schema-graph\">{\"@context\":\"https:\/\/schema.org\",\"@graph\":[{\"@type\":\"WebPage\",\"@id\":\"https:\/\/helloseller.com\/de\/verifikation\/\",\"url\":\"https:\/\/helloseller.com\/de\/verifikation\/\",\"name\":\"Verifikation | HelloSeller\",\"isPartOf\":{\"@id\":\"https:\/\/helloseller.com\/de\/#website\"},\"datePublished\":\"2023-10-15T19:46:36+00:00\",\"dateModified\":\"2025-06-02T19:05:39+00:00\",\"breadcrumb\":{\"@id\":\"https:\/\/helloseller.com\/de\/verifikation\/#breadcrumb\"},\"inLanguage\":\"de-DE\",\"potentialAction\":[{\"@type\":\"ReadAction\",\"target\":[\"https:\/\/helloseller.com\/de\/verifikation\/\"]}]},{\"@type\":\"BreadcrumbList\",\"@id\":\"https:\/\/helloseller.com\/de\/verifikation\/#breadcrumb\",\"itemListElement\":[{\"@type\":\"ListItem\",\"position\":1,\"name\":\"Home\",\"item\":\"https:\/\/helloseller.com\/de\/\"},{\"@type\":\"ListItem\",\"position\":2,\"name\":\"Verifikation\"}]},{\"@type\":\"WebSite\",\"@id\":\"https:\/\/helloseller.com\/de\/#website\",\"url\":\"https:\/\/helloseller.com\/de\/\",\"name\":\"HelloSeller\",\"description\":\"The first truly native Amazon Selling App\",\"publisher\":{\"@id\":\"https:\/\/helloseller.com\/de\/#organization\"},\"potentialAction\":[{\"@type\":\"SearchAction\",\"target\":{\"@type\":\"EntryPoint\",\"urlTemplate\":\"https:\/\/helloseller.com\/de\/?s={search_term_string}\"},\"query-input\":\"required name=search_term_string\"}],\"inLanguage\":\"de-DE\"},{\"@type\":\"Organization\",\"@id\":\"https:\/\/helloseller.com\/de\/#organization\",\"name\":\"HelloSeller\",\"url\":\"https:\/\/helloseller.com\/de\/\",\"logo\":{\"@type\":\"ImageObject\",\"inLanguage\":\"de-DE\",\"@id\":\"https:\/\/helloseller.com\/de\/#\/schema\/logo\/image\/\",\"url\":\"https:\/\/helloseller.com\/wp-content\/uploads\/2022\/12\/helloseller-logo.svg\",\"contentUrl\":\"https:\/\/helloseller.com\/wp-content\/uploads\/2022\/12\/helloseller-logo.svg\",\"width\":272,\"height\":76,\"caption\":\"HelloSeller\"},\"image\":{\"@id\":\"https:\/\/helloseller.com\/de\/#\/schema\/logo\/image\/\"}}]}<\/script>\n<!-- \/ Yoast SEO plugin. -->","yoast_head_json":{"title":"Verifikation | HelloSeller","robots":{"index":"index","follow":"follow","max-snippet":"max-snippet:-1","max-image-preview":"max-image-preview:large","max-video-preview":"max-video-preview:-1"},"canonical":"https:\/\/helloseller.com\/de\/verifikation\/","og_locale":"de_DE","og_type":"article","og_title":"Verifikation | HelloSeller","og_description":"Bitte best\u00e4tigen Sie Ihre E-Mail-Adresse Fast fertig! Wir haben eine E-Mail an diese E-Mail-Adresse gesendet: E-Mail-Adresse Klicken Sie einfach auf den Link in dieser E-Mail, um Ihre Registrierung abzuschlie\u00dfen. Wenn Sie es nicht sehen, sollten Sie Ihren Spam-Ordner \u00fcberpr\u00fcfen. Sie k\u00f6nnen die E-Mail nicht finden? Kein Problem Neue Verifikations-E-Mail","og_url":"https:\/\/helloseller.com\/de\/verifikation\/","og_site_name":"HelloSeller","article_modified_time":"2025-06-02T19:05:39+00:00","og_image":[{"url":"https:\/\/helloseller.com\/wp-content\/uploads\/2023\/10\/start-with-us-2-1024x1024.png"}],"twitter_card":"summary_large_image","twitter_misc":{"Gesch\u00e4tzte Lesezeit":"1 Minute"},"schema":{"@context":"https:\/\/schema.org","@graph":[{"@type":"WebPage","@id":"https:\/\/helloseller.com\/de\/verifikation\/","url":"https:\/\/helloseller.com\/de\/verifikation\/","name":"Verifikation | HelloSeller","isPartOf":{"@id":"https:\/\/helloseller.com\/de\/#website"},"datePublished":"2023-10-15T19:46:36+00:00","dateModified":"2025-06-02T19:05:39+00:00","breadcrumb":{"@id":"https:\/\/helloseller.com\/de\/verifikation\/#breadcrumb"},"inLanguage":"de-DE","potentialAction":[{"@type":"ReadAction","target":["https:\/\/helloseller.com\/de\/verifikation\/"]}]},{"@type":"BreadcrumbList","@id":"https:\/\/helloseller.com\/de\/verifikation\/#breadcrumb","itemListElement":[{"@type":"ListItem","position":1,"name":"Home","item":"https:\/\/helloseller.com\/de\/"},{"@type":"ListItem","position":2,"name":"Verifikation"}]},{"@type":"WebSite","@id":"https:\/\/helloseller.com\/de\/#website","url":"https:\/\/helloseller.com\/de\/","name":"HelloSeller","description":"The first truly native Amazon Selling App","publisher":{"@id":"https:\/\/helloseller.com\/de\/#organization"},"potentialAction":[{"@type":"SearchAction","target":{"@type":"EntryPoint","urlTemplate":"https:\/\/helloseller.com\/de\/?s={search_term_string}"},"query-input":"required name=search_term_string"}],"inLanguage":"de-DE"},{"@type":"Organization","@id":"https:\/\/helloseller.com\/de\/#organization","name":"HelloSeller","url":"https:\/\/helloseller.com\/de\/","logo":{"@type":"ImageObject","inLanguage":"de-DE","@id":"https:\/\/helloseller.com\/de\/#\/schema\/logo\/image\/","url":"https:\/\/helloseller.com\/wp-content\/uploads\/2022\/12\/helloseller-logo.svg","contentUrl":"https:\/\/helloseller.com\/wp-content\/uploads\/2022\/12\/helloseller-logo.svg","width":272,"height":76,"caption":"HelloSeller"},"image":{"@id":"https:\/\/helloseller.com\/de\/#\/schema\/logo\/image\/"}}]}},"_links":{"self":[{"href":"https:\/\/helloseller.com\/de\/wp-json\/wp\/v2\/pages\/959"}],"collection":[{"href":"https:\/\/helloseller.com\/de\/wp-json\/wp\/v2\/pages"}],"about":[{"href":"https:\/\/helloseller.com\/de\/wp-json\/wp\/v2\/types\/page"}],"author":[{"embeddable":true,"href":"https:\/\/helloseller.com\/de\/wp-json\/wp\/v2\/users\/4"}],"replies":[{"embeddable":true,"href":"https:\/\/helloseller.com\/de\/wp-json\/wp\/v2\/comments?post=959"}],"version-history":[{"count":0,"href":"https:\/\/helloseller.com\/de\/wp-json\/wp\/v2\/pages\/959\/revisions"}],"wp:attachment":[{"href":"https:\/\/helloseller.com\/de\/wp-json\/wp\/v2\/media?parent=959"}],"curies":[{"name":"wp","href":"https:\/\/api.w.org\/{rel}","templated":true}]}}